{"id":2958,"date":"2024-03-20T17:16:34","date_gmt":"2024-03-20T17:16:34","guid":{"rendered":"https:\/\/doctornicolasmas.com\/?page_id=2958"},"modified":"2025-03-07T15:40:33","modified_gmt":"2025-03-07T15:40:33","slug":"sobre-mi","status":"publish","type":"page","link":"https:\/\/doctornicolasmas.com\/index.php\/sobre-mi\/","title":{"rendered":"Sobre mi"},"content":{"rendered":"\t\t<div data-elementor-type=\"wp-page\" data-elementor-id=\"2958\" class=\"elementor elementor-2958\" data-elementor-post-type=\"page\">\n\t\t\t\t<div class=\"elementor-element elementor-element-76e0569 elementor-hidden-mobile e-flex e-con-boxed e-con e-parent\" data-id=\"76e0569\" data-element_type=\"container\" data-settings=\"{&quot;background_background&quot;:&quot;slideshow&quot;,&quot;background_slideshow_gallery&quot;:[{&quot;id&quot;:2961,&quot;url&quot;:&quot;https:\\\/\\\/doctornicolasmas.com\\\/wp-content\\\/uploads\\\/2024\\\/03\\\/INTRO-MI-TRAYECTORIA.png&quot;}],&quot;background_slideshow_loop&quot;:&quot;yes&quot;,&quot;background_slideshow_slide_duration&quot;:5000,&quot;background_slideshow_slide_transition&quot;:&quot;fade&quot;,&quot;background_slideshow_transition_duration&quot;:500}\">\n\t\t\t\t\t<div class=\"e-con-inner\">\n\t\t\t\t<div class=\"elementor-element elementor-element-8afc101 elementor-widget elementor-widget-spacer\" data-id=\"8afc101\" data-element_type=\"widget\" data-widget_type=\"spacer.default\">\n\t\t\t\t<div class=\"elementor-widget-container\">\n\t\t\t\t\t\t\t<div class=\"elementor-spacer\">\n\t\t\t<div class=\"elementor-spacer-inner\"><\/div>\n\t\t<\/div>\n\t\t\t\t\t\t<\/div>\n\t\t\t\t<\/div>\n\t\t\t\t<div class=\"elementor-element elementor-element-b42b1ca elementor-widget__width-initial elementor-hidden-mobile elementor-widget elementor-widget-heading\" data-id=\"b42b1ca\" data-element_type=\"widget\" data-widget_type=\"heading.default\">\n\t\t\t\t<div class=\"elementor-widget-container\">\n\t\t\t\t\t<h2 class=\"elementor-heading-title elementor-size-default\">Conoc\u00e9 m\u00e1s sobre m\u00ed<\/h2>\t\t\t\t<\/div>\n\t\t\t\t<\/div>\n\t\t\t\t<div class=\"elementor-element elementor-element-650fc40 elementor-widget__width-initial elementor-hidden-desktop elementor-hidden-tablet elementor-widget elementor-widget-heading\" data-id=\"650fc40\" data-element_type=\"widget\" data-widget_type=\"heading.default\">\n\t\t\t\t<div class=\"elementor-widget-container\">\n\t\t\t\t\t<h2 class=\"elementor-heading-title elementor-size-default\">Conoc\u00e9 m\u00e1s<br>sobre m\u00ed<\/h2>\t\t\t\t<\/div>\n\t\t\t\t<\/div>\n\t\t\t\t<div class=\"elementor-element elementor-element-f028fb9 elementor-widget__width-initial elementor-widget elementor-widget-text-editor\" data-id=\"f028fb9\" data-element_type=\"widget\" data-widget_type=\"text-editor.default\">\n\t\t\t\t<div class=\"elementor-widget-container\">\n\t\t\t\t\t\t\t\t\t<p><span style=\"white-space-collapse: preserve;\">Encontr\u00e9 en la anestesia un diario vivir que me motiva a levantarme cada ma\u00f1ana. <\/span><span style=\"white-space-collapse: preserve;\">Encontre trabajo en equipo, apoyo entre colegas, y la posibilidad de ayudar.<\/span><\/p>\t\t\t\t\t\t\t\t<\/div>\n\t\t\t\t<\/div>\n\t\t\t\t<div class=\"elementor-element elementor-element-0fa7219 elementor-widget elementor-widget-spacer\" data-id=\"0fa7219\" data-element_type=\"widget\" data-widget_type=\"spacer.default\">\n\t\t\t\t<div class=\"elementor-widget-container\">\n\t\t\t\t\t\t\t<div class=\"elementor-spacer\">\n\t\t\t<div class=\"elementor-spacer-inner\"><\/div>\n\t\t<\/div>\n\t\t\t\t\t\t<\/div>\n\t\t\t\t<\/div>\n\t\t\t\t\t<\/div>\n\t\t\t\t<\/div>\n\t\t<div class=\"elementor-element elementor-element-4fed265 elementor-hidden-desktop elementor-hidden-tablet e-flex e-con-boxed e-con e-parent\" data-id=\"4fed265\" data-element_type=\"container\" data-settings=\"{&quot;background_background&quot;:&quot;slideshow&quot;,&quot;background_slideshow_gallery&quot;:[{&quot;id&quot;:3482,&quot;url&quot;:&quot;https:\\\/\\\/doctornicolasmas.com\\\/wp-content\\\/uploads\\\/2024\\\/09\\\/fondo_acercademi_mobile.png&quot;}],&quot;background_slideshow_loop&quot;:&quot;yes&quot;,&quot;background_slideshow_slide_duration&quot;:5000,&quot;background_slideshow_slide_transition&quot;:&quot;fade&quot;,&quot;background_slideshow_transition_duration&quot;:500}\">\n\t\t\t\t\t<div class=\"e-con-inner\">\n\t\t\t\t<div class=\"elementor-element elementor-element-5424331 elementor-widget elementor-widget-spacer\" data-id=\"5424331\" data-element_type=\"widget\" data-widget_type=\"spacer.default\">\n\t\t\t\t<div class=\"elementor-widget-container\">\n\t\t\t\t\t\t\t<div class=\"elementor-spacer\">\n\t\t\t<div class=\"elementor-spacer-inner\"><\/div>\n\t\t<\/div>\n\t\t\t\t\t\t<\/div>\n\t\t\t\t<\/div>\n\t\t\t\t<div class=\"elementor-element elementor-element-c06b51b elementor-widget__width-initial elementor-hidden-mobile elementor-widget elementor-widget-heading\" data-id=\"c06b51b\" data-element_type=\"widget\" data-widget_type=\"heading.default\">\n\t\t\t\t<div class=\"elementor-widget-container\">\n\t\t\t\t\t<h2 class=\"elementor-heading-title elementor-size-default\">Conoc\u00e9 m\u00e1s sobre m\u00ed<\/h2>\t\t\t\t<\/div>\n\t\t\t\t<\/div>\n\t\t\t\t<div class=\"elementor-element elementor-element-284a0d7 elementor-widget__width-initial elementor-hidden-desktop elementor-hidden-tablet elementor-widget elementor-widget-heading\" data-id=\"284a0d7\" data-element_type=\"widget\" data-widget_type=\"heading.default\">\n\t\t\t\t<div class=\"elementor-widget-container\">\n\t\t\t\t\t<h2 class=\"elementor-heading-title elementor-size-default\">Conoc\u00e9 m\u00e1s<br>sobre m\u00ed<\/h2>\t\t\t\t<\/div>\n\t\t\t\t<\/div>\n\t\t\t\t<div class=\"elementor-element elementor-element-898e70c elementor-widget__width-initial elementor-widget elementor-widget-text-editor\" data-id=\"898e70c\" data-element_type=\"widget\" data-widget_type=\"text-editor.default\">\n\t\t\t\t<div class=\"elementor-widget-container\">\n\t\t\t\t\t\t\t\t\t<p><span style=\"white-space-collapse: preserve;\">Encontr\u00e9 en la anestesia un diario vivir que me motiva a levantarme cada ma\u00f1ana. <\/span><span style=\"white-space-collapse: preserve;\">Encontre trabajo en equipo, apoyo entre colegas, y la posibilidad de ayudar.<\/span><\/p>\t\t\t\t\t\t\t\t<\/div>\n\t\t\t\t<\/div>\n\t\t\t\t<div class=\"elementor-element elementor-element-97518b0 elementor-widget elementor-widget-spacer\" data-id=\"97518b0\" data-element_type=\"widget\" data-widget_type=\"spacer.default\">\n\t\t\t\t<div class=\"elementor-widget-container\">\n\t\t\t\t\t\t\t<div class=\"elementor-spacer\">\n\t\t\t<div class=\"elementor-spacer-inner\"><\/div>\n\t\t<\/div>\n\t\t\t\t\t\t<\/div>\n\t\t\t\t<\/div>\n\t\t\t\t\t<\/div>\n\t\t\t\t<\/div>\n\t\t<div class=\"elementor-element elementor-element-905390d e-flex e-con-boxed e-con e-parent\" data-id=\"905390d\" data-element_type=\"container\">\n\t\t\t\t\t<div class=\"e-con-inner\">\n\t\t\t\t<div class=\"elementor-element elementor-element-343a770 elementor-invisible elementor-widget elementor-widget-timeline-widget-addon\" data-id=\"343a770\" data-element_type=\"widget\" data-settings=\"{&quot;_animation&quot;:&quot;slideInUp&quot;,&quot;_animation_delay&quot;:100}\" data-widget_type=\"timeline-widget-addon.default\">\n\t\t\t\t<div class=\"elementor-widget-container\">\n\t\t\t\t\t<!-- ========= Timeline Widget Addon For Elementor 1.6.6 ========= -->\n<div id=\"twae-wrapper-343a770\" class=\"twae-vertical twae-wrapper  twae-both-sided\">   \n    <div class=\"twae-start\"><\/div>    \n    <div id=\"twea-timeline-343a770\" class=\"twae-timeline\" ><!-- Story Year Label --><div class=\"twae-year twae-year-container story-year-0d058f9\">\n\t\t\t\t\t<div class=\"twae-year-label twae-year-text\">2024<\/div>\n\t\t\t\t<\/div><!-- Start of Story Repeater Content --><div id=\"story-0d058f9\" class=\"twae-story twae-repeater-item twae-story-right twae-story-no-icon\"><!-- Story Icon Dot --><div class=\"twae-icondot\"><\/div><!-- Story Arrow --><div class=\"twae-arrow\"><\/div><!-- Start of Story Content --><div class=\"twae-content\"><!-- Story Title --><div class=\"twae-title\">Research Fellow en Anestesiolog\u00eda<\/div><!-- Story Image --><div class=\"twae-media large\"><img fetchpriority=\"high\" decoding=\"async\" width=\"607\" height=\"730\" src=\"https:\/\/doctornicolasmas.com\/wp-content\/uploads\/2024\/09\/Linea-2024.png\" class=\"attachment-large size-large\" alt=\"\" srcset=\"https:\/\/doctornicolasmas.com\/wp-content\/uploads\/2024\/09\/Linea-2024.png 607w, https:\/\/doctornicolasmas.com\/wp-content\/uploads\/2024\/09\/Linea-2024-249x300.png 249w\" sizes=\"(max-width: 607px) 100vw, 607px\" \/><\/div><!-- Story Description --><div class=\"twae-description\"><p>Este a\u00f1o, me un\u00ed a MetroHealth System como Fellow de Investigaci\u00f3n en el departamento de Anestesiolog\u00eda y Manejo del Dolor. Aqu\u00ed, estoy colaborando en varios estudios innovadores y proyectos de investigaci\u00f3n.\u00a0 Adem\u00e1s, present\u00e9 m\u00faltiples estudios de casos y trabajos de investigaci\u00f3n en congresos internacionales, como el Euro Anesthesiology Congress y la American Society of Pain and Neuroscience.<\/p><p><em><strong>Cleveland, Ohio, Estados Unidos.<\/strong><\/em><\/p><\/div><\/div><\/div><!-- Story Year Label --><div class=\"twae-year twae-year-container story-year-e921f7a\">\n\t\t\t\t\t<div class=\"twae-year-label twae-year-text\">2023<\/div>\n\t\t\t\t<\/div><!-- Start of Story Repeater Content --><div id=\"story-e921f7a\" class=\"twae-story twae-repeater-item twae-story-left twae-story-no-icon\"><!-- Story Icon Dot --><div class=\"twae-icondot\"><\/div><!-- Story Arrow --><div class=\"twae-arrow\"><\/div><!-- Start of Story Content --><div class=\"twae-content\"><!-- Story Title --><div class=\"twae-title\">M\u00e9dico Internacional<\/div><!-- Story Image --><div class=\"twae-media medium_large\"><img decoding=\"async\" width=\"606\" height=\"729\" src=\"https:\/\/doctornicolasmas.com\/wp-content\/uploads\/2024\/03\/LINEA-2023-NICO.png\" class=\"attachment-medium_large size-medium_large\" alt=\"\" srcset=\"https:\/\/doctornicolasmas.com\/wp-content\/uploads\/2024\/03\/LINEA-2023-NICO.png 606w, https:\/\/doctornicolasmas.com\/wp-content\/uploads\/2024\/03\/LINEA-2023-NICO-249x300.png 249w\" sizes=\"(max-width: 606px) 100vw, 606px\" \/><\/div><!-- Story Description --><div class=\"twae-description\"><p style=\"text-align: left\">Como International Medical Graduate (IMG), emprend\u00ed el desafiante camino hacia la pr\u00e1ctica m\u00e9dica en Estados Unidos. Tras un arduo trabajo y dedicaci\u00f3n, <strong>culmin\u00e9 exitosamente los ex\u00e1menes del United States Medical Licensing Examination<\/strong> (USMLE) en 2023.\u00a0<\/p><\/div><\/div><\/div><!-- Start of Story Repeater Content --><div id=\"story-8d2dc93\" class=\"twae-story twae-repeater-item twae-story-right twae-story-no-icon\"><!-- Story Icon Dot --><div class=\"twae-icondot\"><\/div><!-- Story Arrow --><div class=\"twae-arrow\"><\/div><!-- Start of Story Content --><div class=\"twae-content\"><!-- Story Title --><div class=\"twae-title\">Certificado en Anestesiolog\u00eda<\/div><!-- Story Image --><div class=\"twae-media large\"><img decoding=\"async\" width=\"606\" height=\"729\" src=\"https:\/\/doctornicolasmas.com\/wp-content\/uploads\/2024\/03\/Linea-2017-graduado.png\" class=\"attachment-large size-large\" alt=\"\" srcset=\"https:\/\/doctornicolasmas.com\/wp-content\/uploads\/2024\/03\/Linea-2017-graduado.png 606w, https:\/\/doctornicolasmas.com\/wp-content\/uploads\/2024\/03\/Linea-2017-graduado-249x300.png 249w\" sizes=\"(max-width: 606px) 100vw, 606px\" \/><\/div><!-- Story Description --><div class=\"twae-description\"><p>Asociaci\u00f3n de Anestesia, Analgesia y Resucitaci\u00f3n de Buenos Aires, (AAARBA).<\/p><p><strong><em>CABA, Buenos Aires, Argentina<\/em><\/strong><\/p><\/div><\/div><\/div><!-- Start of Story Repeater Content --><div id=\"story-f306787\" class=\"twae-story twae-repeater-item twae-story-left twae-story-no-icon\"><!-- Story Icon Dot --><div class=\"twae-icondot\"><\/div><!-- Story Arrow --><div class=\"twae-arrow\"><\/div><!-- Start of Story Content --><div class=\"twae-content\"><!-- Story Title --><div class=\"twae-title\">Certificado en Anestesiolog\u00eda<\/div><!-- Story Description --><div class=\"twae-description\"><p>Federacion Argentina de Asociaciones de Anestesia, Analgesia y Reanimaci\u00f3n (FAAAAR).<\/p><p><strong><em>CABA, Buenos Aires, Argentina<\/em><\/strong><\/p><\/div><\/div><\/div><!-- Story Year Label --><div class=\"twae-year twae-year-container story-year-534d8b1\">\n\t\t\t\t\t<div class=\"twae-year-label twae-year-text\">2022<\/div>\n\t\t\t\t<\/div><!-- Start of Story Repeater Content --><div id=\"story-534d8b1\" class=\"twae-story twae-repeater-item twae-story-right twae-story-no-icon\"><!-- Story Icon Dot --><div class=\"twae-icondot\"><\/div><!-- Story Arrow --><div class=\"twae-arrow\"><\/div><!-- Start of Story Content --><div class=\"twae-content\"><!-- Story Title --><div class=\"twae-title\">1\u00b0 premio en el Congreso Provincial de la Salud <\/div><!-- Story Image --><div class=\"twae-media large\"><img loading=\"lazy\" decoding=\"async\" width=\"606\" height=\"729\" src=\"https:\/\/doctornicolasmas.com\/wp-content\/uploads\/2024\/03\/LINEA-2022-CONGRESO.png\" class=\"attachment-large size-large\" alt=\"\" srcset=\"https:\/\/doctornicolasmas.com\/wp-content\/uploads\/2024\/03\/LINEA-2022-CONGRESO.png 606w, https:\/\/doctornicolasmas.com\/wp-content\/uploads\/2024\/03\/LINEA-2022-CONGRESO-249x300.png 249w\" sizes=\"(max-width: 606px) 100vw, 606px\" \/><\/div><!-- Story Description --><div class=\"twae-description\"><p>Trabajo: <strong>\"Evaluaci\u00f3n del conocimiento de la poblaci\u00f3n en reanimaci\u00f3n cardiopulmonar pedi\u00e1trica\"<\/strong><br \/>1 \u00ba premio en la Presentaci\u00f3n de Trabajos Cient\u00edficos en el marco del Congreso Provincial de la Salud 2022 junto a mis colegas Evelina Faraone y Florencia Miloro entregado por el\u00a0Ministro de Salud de la Provincia de Buenos Aires.<\/p><p><em><strong>PBA, Buenos Aires, Argentina<\/strong><\/em><\/p><\/div><\/div><\/div><!-- Start of Story Repeater Content --><div id=\"story-a2606a3\" class=\"twae-story twae-repeater-item twae-story-left twae-story-no-icon\"><!-- Story Icon Dot --><div class=\"twae-icondot\"><\/div><!-- Story Arrow --><div class=\"twae-arrow\"><\/div><!-- Start of Story Content --><div class=\"twae-content\"><!-- Story Title --><div class=\"twae-title\">Comienzo como anestesi\u00f3logo <\/div><!-- Story Description --><div class=\"twae-description\"><p>Comienzo a trabajar como anestesi\u00f3logo en distintos hospitales: Hospital General de Pacheco, Hospital Evita Pueblo de Berazategui, Sanatorio Modelo de Caseros, Sagrado Coraz\u00f3n Sanatorio de Alta Complejidad, y otras instituciones privadas.<\/p><p><strong><em>CABA &amp; PBA, Buenos Aires, Argentina<\/em><\/strong><\/p><\/div><\/div><\/div><!-- Story Year Label --><div class=\"twae-year twae-year-container story-year-ae7dc02\">\n\t\t\t\t\t<div class=\"twae-year-label twae-year-text\">2018<\/div>\n\t\t\t\t<\/div><!-- Start of Story Repeater Content --><div id=\"story-ae7dc02\" class=\"twae-story twae-repeater-item twae-story-right twae-story-no-icon\"><!-- Story Icon Dot --><div class=\"twae-icondot\"><\/div><!-- Story Arrow --><div class=\"twae-arrow\"><\/div><!-- Start of Story Content --><div class=\"twae-content\"><!-- Story Title --><div class=\"twae-title\">Residencia en Anestesiolog\u00eda<\/div><!-- Story Image --><div class=\"twae-media large\"><img loading=\"lazy\" decoding=\"async\" width=\"606\" height=\"729\" src=\"https:\/\/doctornicolasmas.com\/wp-content\/uploads\/2024\/03\/Linea-2018-residencia.png\" class=\"attachment-large size-large\" alt=\"\" srcset=\"https:\/\/doctornicolasmas.com\/wp-content\/uploads\/2024\/03\/Linea-2018-residencia.png 606w, https:\/\/doctornicolasmas.com\/wp-content\/uploads\/2024\/03\/Linea-2018-residencia-249x300.png 249w\" sizes=\"(max-width: 606px) 100vw, 606px\" \/><\/div><!-- Story Description --><div class=\"twae-description\"><p>Unos de los momentos m\u00e1s decisivos de mi carrera fue elegir mi especializaci\u00f3n. <strong>Mis pr\u00e1cticas en Anestesia<\/strong> me permitieron conectar con una rama de la medicina donde encontr\u00e9 un diario vivir que <strong>me motiva a levantarme cada ma\u00f1ana, trabajo en equipo, apoyo entre colegas y la posibilidad de escuchar grandes historias de vida.<\/strong><br \/>Me prepar\u00e9 para el examen de ingreso a la residencia y entr\u00e9 en Anestesiolog\u00eda en el Hospital Evita Per\u00f3n.<\/p><p><strong><em>Hospital Evita Per\u00f3n, Buenos Aires, Argentina<\/em><\/strong><\/p><\/div><\/div><\/div><!-- Story Year Label --><div class=\"twae-year twae-year-container story-year-3cd8337\">\n\t\t\t\t\t<div class=\"twae-year-label twae-year-text\">2017<\/div>\n\t\t\t\t<\/div><!-- Start of Story Repeater Content --><div id=\"story-3cd8337\" class=\"twae-story twae-repeater-item twae-story-left twae-story-no-icon\"><!-- Story Icon Dot --><div class=\"twae-icondot\"><\/div><!-- Story Arrow --><div class=\"twae-arrow\"><\/div><!-- Start of Story Content --><div class=\"twae-content\"><!-- Story Title --><div class=\"twae-title\">Medicina Rural en Atalu\u00f1a<\/div><!-- Story Image --><div class=\"twae-media large\"><img loading=\"lazy\" decoding=\"async\" width=\"606\" height=\"729\" src=\"https:\/\/doctornicolasmas.com\/wp-content\/uploads\/2024\/03\/linea-2017-med-rural.png\" class=\"attachment-large size-large\" alt=\"\" srcset=\"https:\/\/doctornicolasmas.com\/wp-content\/uploads\/2024\/03\/linea-2017-med-rural.png 606w, https:\/\/doctornicolasmas.com\/wp-content\/uploads\/2024\/03\/linea-2017-med-rural-249x300.png 249w\" sizes=\"(max-width: 606px) 100vw, 606px\" \/><\/div><!-- Story Description --><div class=\"twae-description\"><p><strong>Asistencia m\u00e9dica<\/strong> junto al servicio de pediatr\u00eda, m\u00e9dica cl\u00ednica, cirug\u00eda del aparato digestivo, t\u00e9cnicas endosc\u00f3picas, anestesiolog\u00eda y traumatolog\u00eda <strong>en la comunidad de A\u00f1atuya.\u2028Presentaci\u00f3n del trabajo de investigaci\u00f3n \u201cChagas: el desconocimiento como factor de riesgo\u201d<\/strong> dentro de la red de Cibersalud del Hospital Zonal de A\u00f1atuya y en el Ministerio de Desarrollo Social y Salud de la Ciudad de Santiago del Estero. Trabajo que recibi\u00f3 el Premio Est\u00edmulo a J\u00f3venes Profesionales 2017 en la categor\u00eda Salud.<\/p><\/div><\/div><\/div><!-- Start of Story Repeater Content --><div id=\"story-b893c44\" class=\"twae-story twae-repeater-item twae-story-right twae-story-no-icon\"><!-- Story Icon Dot --><div class=\"twae-icondot\"><\/div><!-- Story Arrow --><div class=\"twae-arrow\"><\/div><!-- Start of Story Content --><div class=\"twae-content\"><!-- Story Title --><div class=\"twae-title\">Graduado con honores en Medicina<\/div><!-- Story Image --><div class=\"twae-media large\"><img loading=\"lazy\" decoding=\"async\" width=\"607\" height=\"730\" src=\"https:\/\/doctornicolasmas.com\/wp-content\/uploads\/2024\/09\/linea-graduado.png\" class=\"attachment-large size-large\" alt=\"\" srcset=\"https:\/\/doctornicolasmas.com\/wp-content\/uploads\/2024\/09\/linea-graduado.png 607w, https:\/\/doctornicolasmas.com\/wp-content\/uploads\/2024\/09\/linea-graduado-249x300.png 249w\" sizes=\"(max-width: 607px) 100vw, 607px\" \/><\/div><!-- Story Description --><div class=\"twae-description\"><p>Desde el 2011 hasta el 2017, me sumerg\u00ed en el riguroso programa de <strong>Medicina en la Universidad de Favaloro<\/strong>, donde no solo adquir\u00ed conocimientos profundos, sino que tambi\u00e9n cultiv\u00e9 habilidades pr\u00e1cticas y un profundo compromiso con la \u00e9tica m\u00e9dica. <strong>El haberme graduado con diploma de honor en esta prestigiosa instituci\u00f3n es un testimonio de mi dedicaci\u00f3n y pasi\u00f3n por la medicina.<\/strong><\/p><p><strong><em>Universidad de Favaloro, CABA, Argentina<\/em><\/strong><\/p><\/div><\/div><\/div><\/div>\n    <div class=\"twae-end\"><\/div>\n    <\/div><style type=\"text\/css\">@media (max-width: 1024px){ .twae-wrapper{--tw-ybx-size: 80px !important;}}@media (max-width: 767px){ .twae-wrapper{--tw-ybx-size: 80px !important}}<\/style>\t\t\t\t<\/div>\n\t\t\t\t<\/div>\n\t\t\t\t<div class=\"elementor-element elementor-element-a7145b0 elementor-widget-divider--view-line elementor-widget elementor-widget-divider\" data-id=\"a7145b0\" data-element_type=\"widget\" data-widget_type=\"divider.default\">\n\t\t\t\t<div class=\"elementor-widget-container\">\n\t\t\t\t\t\t\t<div class=\"elementor-divider\">\n\t\t\t<span class=\"elementor-divider-separator\">\n\t\t\t\t\t\t<\/span>\n\t\t<\/div>\n\t\t\t\t\t\t<\/div>\n\t\t\t\t<\/div>\n\t\t\t\t\t<\/div>\n\t\t\t\t<\/div>\n\t\t\t\t<\/div>\n\t\t","protected":false},"excerpt":{"rendered":"<p>Conoc\u00e9 m\u00e1s sobre m\u00ed Conoc\u00e9 m\u00e1ssobre m\u00ed Encontr\u00e9 en la anestesia un diario vivir que me motiva a levantarme cada ma\u00f1ana. Encontre trabajo en equipo, apoyo entre colegas, y la posibilidad de ayudar. Conoc\u00e9 m\u00e1s sobre m\u00ed Conoc\u00e9 m\u00e1ssobre m\u00ed Encontr\u00e9 en la anestesia un diario vivir que me motiva a levantarme cada ma\u00f1ana. Encontre &hellip;<\/p>\n<p class=\"read-more\"> <a class=\"\" href=\"https:\/\/doctornicolasmas.com\/index.php\/sobre-mi\/\"> <span class=\"screen-reader-text\">Sobre mi<\/span> Leer m\u00e1s &raquo;<\/a><\/p>\n","protected":false},"author":7,"featured_media":0,"parent":0,"menu_order":0,"comment_status":"closed","ping_status":"closed","template":"","meta":{"_uag_custom_page_level_css":"","site-sidebar-layout":"no-sidebar","site-content-layout":"page-builder","ast-global-header-display":"","ast-main-header-display":"","ast-hfb-above-header-display":"","ast-hfb-below-header-display":"","ast-hfb-mobile-header-display":"","site-post-title":"disabled","ast-breadcrumbs-content":"","ast-featured-img":"disabled","footer-sml-layout":"","theme-transparent-header-meta":"","adv-header-id-meta":"","stick-header-meta":"","header-above-stick-meta":"","header-main-stick-meta":"","header-below-stick-meta":"","footnotes":""},"class_list":["post-2958","page","type-page","status-publish","hentry"],"uagb_featured_image_src":{"full":false,"thumbnail":false,"medium":false,"medium_large":false,"large":false,"1536x1536":false,"2048x2048":false},"uagb_author_info":{"display_name":"Guido Galicer","author_link":"https:\/\/doctornicolasmas.com\/index.php\/author\/ggalicer\/"},"uagb_comment_info":0,"uagb_excerpt":"Conoc\u00e9 m\u00e1s sobre m\u00ed Conoc\u00e9 m\u00e1ssobre m\u00ed Encontr\u00e9 en la anestesia un diario vivir que me motiva a levantarme cada ma\u00f1ana. Encontre trabajo en equipo, apoyo entre colegas, y la posibilidad de ayudar. Conoc\u00e9 m\u00e1s sobre m\u00ed Conoc\u00e9 m\u00e1ssobre m\u00ed Encontr\u00e9 en la anestesia un diario vivir que me motiva a levantarme cada ma\u00f1ana. Encontre&hellip;","_links":{"self":[{"href":"https:\/\/doctornicolasmas.com\/index.php\/wp-json\/wp\/v2\/pages\/2958"}],"collection":[{"href":"https:\/\/doctornicolasmas.com\/index.php\/wp-json\/wp\/v2\/pages"}],"about":[{"href":"https:\/\/doctornicolasmas.com\/index.php\/wp-json\/wp\/v2\/types\/page"}],"author":[{"embeddable":true,"href":"https:\/\/doctornicolasmas.com\/index.php\/wp-json\/wp\/v2\/users\/7"}],"replies":[{"embeddable":true,"href":"https:\/\/doctornicolasmas.com\/index.php\/wp-json\/wp\/v2\/comments?post=2958"}],"version-history":[{"count":68,"href":"https:\/\/doctornicolasmas.com\/index.php\/wp-json\/wp\/v2\/pages\/2958\/revisions"}],"predecessor-version":[{"id":4050,"href":"https:\/\/doctornicolasmas.com\/index.php\/wp-json\/wp\/v2\/pages\/2958\/revisions\/4050"}],"wp:attachment":[{"href":"https:\/\/doctornicolasmas.com\/index.php\/wp-json\/wp\/v2\/media?parent=2958"}],"curies":[{"name":"wp","href":"https:\/\/api.w.org\/{rel}","templated":true}]}}